{"id":535,"date":"2023-06-20T17:05:43","date_gmt":"2023-06-20T20:05:43","guid":{"rendered":"https:\/\/soar.art.br\/culturaaberta\/minha-conta\/"},"modified":"2025-04-20T17:22:37","modified_gmt":"2025-04-20T20:22:37","slug":"minha-conta","status":"publish","type":"page","link":"https:\/\/soar.art.br\/culturaaberta\/minha-conta\/","title":{"rendered":"Minha conta"},"content":{"rendered":"\t\t<div data-elementor-type=\"wp-page\" data-elementor-id=\"535\" class=\"elementor elementor-535\" data-elementor-post-type=\"page\">\n\t\t\t\t<div data-particle_enable=\"false\" data-particle-mobile-disabled=\"false\" class=\"elementor-element elementor-element-2743f43f e-flex e-con-boxed e-con e-parent\" data-id=\"2743f43f\" data-element_type=\"container\" data-e-type=\"container\">\n\t\t\t\t\t<div class=\"e-con-inner\">\n\t\t<div data-particle_enable=\"false\" data-particle-mobile-disabled=\"false\" class=\"elementor-element elementor-element-2ae3f490 e-flex e-con-boxed e-con e-child\" data-id=\"2ae3f490\" data-element_type=\"container\" data-e-type=\"container\">\n\t\t\t\t\t<div class=\"e-con-inner\">\n\t\t<div data-particle_enable=\"false\" data-particle-mobile-disabled=\"false\" class=\"elementor-element elementor-element-7387ca77 e-con-full e-flex e-con e-child\" data-id=\"7387ca77\" data-element_type=\"container\" data-e-type=\"container\">\n\t\t<a data-particle_enable=\"false\" data-particle-mobile-disabled=\"false\" class=\"elementor-element elementor-element-fdb24b0 e-flex e-con-boxed e-con e-child\" data-id=\"fdb24b0\" data-element_type=\"container\" data-e-type=\"container\" data-settings=\"{&quot;background_background&quot;:&quot;classic&quot;}\" href=\"https:\/\/soar.art.br\/culturaaberta\/\">\n\t\t\t\t\t<div class=\"e-con-inner\">\n\t\t\t\t<div class=\"elementor-element elementor-element-1ae4d9e0 elementor-view-default elementor-position-block-start elementor-mobile-position-block-start elementor-widget elementor-widget-icon-box\" data-id=\"1ae4d9e0\" data-element_type=\"widget\" data-e-type=\"widget\" data-widget_type=\"icon-box.default\">\n\t\t\t\t<div class=\"elementor-widget-container\">\n\t\t\t\t\t\t\t<div class=\"elementor-icon-box-wrapper\">\n\n\t\t\t\t\t\t<div class=\"elementor-icon-box-icon\">\n\t\t\t\t<span  class=\"elementor-icon\">\n\t\t\t\t<i aria-hidden=\"true\" class=\"fas fa-home\"><\/i>\t\t\t\t<\/span>\n\t\t\t<\/div>\n\t\t\t\n\t\t\t\t\t\t<div class=\"elementor-icon-box-content\">\n\n\t\t\t\t\t\t\t\t\t<h3 class=\"elementor-icon-box-title\">\n\t\t\t\t\t\t<span  >\n\t\t\t\t\t\t\tVitrine\t\t\t\t\t\t<\/span>\n\t\t\t\t\t<\/h3>\n\t\t\t\t\n\t\t\t\t\n\t\t\t<\/div>\n\t\t\t\n\t\t<\/div>\n\t\t\t\t\t\t<\/div>\n\t\t\t\t<\/div>\n\t\t\t\t\t<\/div>\n\t\t\t\t<\/a>\n\t\t<a data-particle_enable=\"false\" data-particle-mobile-disabled=\"false\" class=\"elementor-element elementor-element-5f0b529c e-flex e-con-boxed e-con e-child\" data-id=\"5f0b529c\" data-element_type=\"container\" data-e-type=\"container\" data-settings=\"{&quot;background_background&quot;:&quot;classic&quot;}\" href=\"https:\/\/soar.art.br\/culturaaberta\/wp-login.php\">\n\t\t\t\t\t<div class=\"e-con-inner\">\n\t\t\t\t<div class=\"elementor-element elementor-element-5ea5e4c5 elementor-view-default elementor-position-block-start elementor-mobile-position-block-start elementor-widget elementor-widget-icon-box\" data-id=\"5ea5e4c5\" data-element_type=\"widget\" data-e-type=\"widget\" data-widget_type=\"icon-box.default\">\n\t\t\t\t<div class=\"elementor-widget-container\">\n\t\t\t\t\t\t\t<div class=\"elementor-icon-box-wrapper\">\n\n\t\t\t\t\t\t<div class=\"elementor-icon-box-icon\">\n\t\t\t\t<span  class=\"elementor-icon\">\n\t\t\t\t<i aria-hidden=\"true\" class=\"fas fa-power-off\"><\/i>\t\t\t\t<\/span>\n\t\t\t<\/div>\n\t\t\t\n\t\t\t\t\t\t<div class=\"elementor-icon-box-content\">\n\n\t\t\t\t\t\t\t\t\t<h3 class=\"elementor-icon-box-title\">\n\t\t\t\t\t\t<span  >\n\t\t\t\t\t\t\tSair\t\t\t\t\t\t<\/span>\n\t\t\t\t\t<\/h3>\n\t\t\t\t\n\t\t\t\t\n\t\t\t<\/div>\n\t\t\t\n\t\t<\/div>\n\t\t\t\t\t\t<\/div>\n\t\t\t\t<\/div>\n\t\t\t\t\t<\/div>\n\t\t\t\t<\/a>\n\t\t\t\t<\/div>\n\t\t\t\t\t<\/div>\n\t\t\t\t<\/div>\n\t\t\t\t\t<\/div>\n\t\t\t\t<\/div>\n\t\t<div data-particle_enable=\"false\" data-particle-mobile-disabled=\"false\" class=\"elementor-element elementor-element-24b685cb e-flex e-con-boxed e-con e-parent\" data-id=\"24b685cb\" data-element_type=\"container\" data-e-type=\"container\">\n\t\t\t\t\t<div class=\"e-con-inner\">\n\t\t\t\t<div class=\"elementor-element elementor-element-3899a4f elementor-widget elementor-widget-eael-woo-account-dashboard\" data-id=\"3899a4f\" data-element_type=\"widget\" data-e-type=\"widget\" id=\"wooacont\" data-settings=\"{&quot;eael_account_dashboard_table_header_column_alignment&quot;:&quot;left&quot;,&quot;eael_account_dashboard_table_body_column_alignment&quot;:&quot;left&quot;}\" data-widget_type=\"eael-woo-account-dashboard.default\">\n\t\t\t\t<div class=\"elementor-widget-container\">\n\t\t\t\t\t\n        <div class=\"eael-account-dashboard-wrap\">\n            <div class=\"eael-account-dashboard-wrapper preset-1\">\n    <div class=\"eael-account-dashboard-body\">\n        <div class=\"eael-account-dashboard-container\">\n            \t\t<div class=\"eael-account-dashboard-navbar eael-d-none\">\n\t\t\t\n<nav class=\"woocommerce-MyAccount-navigation\" aria-label=\"P\u00e1ginas da conta\">\n\t<ul>\n\t\t\t\t\t<li class=\"woocommerce-MyAccount-navigation-link woocommerce-MyAccount-navigation-link--dashboard\">\n\t\t\t\t<a href=\"https:\/\/soar.art.br\/culturaaberta\/minha-conta\/\" >\n\t\t\t\t\tDashboard\t\t\t\t<\/a>\n\t\t\t<\/li>\n\t\t\t\t\t<li class=\"woocommerce-MyAccount-navigation-link woocommerce-MyAccount-navigation-link--orders\">\n\t\t\t\t<a href=\"https:\/\/soar.art.br\/culturaaberta\/minha-conta\/orders\/\" >\n\t\t\t\t\tPedidos\t\t\t\t<\/a>\n\t\t\t<\/li>\n\t\t\t\t\t<li class=\"woocommerce-MyAccount-navigation-link woocommerce-MyAccount-navigation-link--edit-account\">\n\t\t\t\t<a href=\"https:\/\/soar.art.br\/culturaaberta\/minha-conta\/edit-account\/\" >\n\t\t\t\t\tDetalhes da conta\t\t\t\t<\/a>\n\t\t\t<\/li>\n\t\t\t\t\t<li class=\"woocommerce-MyAccount-navigation-link woocommerce-MyAccount-navigation-link--edit-address\">\n\t\t\t\t<a href=\"https:\/\/soar.art.br\/culturaaberta\/minha-conta\/edit-address\/\" >\n\t\t\t\t\tEndere\u00e7o\t\t\t\t<\/a>\n\t\t\t<\/li>\n\t\t\t<\/ul>\n<\/nav>\n\n\n\t\t\t\t\t<\/div>\n\t\t            \t\t<div class=\"eael-account-dashboard-content\">\n\t\t\t<div class=\"woocommerce\"><\/div>\t\t<\/div>\n\t\t        <\/div>\n    <\/div>\n<\/div>        <\/div>\n\n\t\t\t\t\t\t<\/div>\n\t\t\t\t<\/div>\n\t\t\t\t\t<\/div>\n\t\t\t\t<\/div>\n\t\t\t\t<\/div>\n\t\t","protected":false},"excerpt":{"rendered":"<p>Vitrine Sair Dashboard Pedidos Detalhes da conta Endere\u00e7o Ol\u00e1! site rapido Dashboard Pedidos Detalhes da conta Endere\u00e7o Ol\u00e1, site rapido (n\u00e3o \u00e9 site rapido? Sair) A partir do painel de controle de sua conta, voc\u00ea pode ver suas compras recentes, gerenciar seus endere\u00e7os de entrega e cobran\u00e7a, e editar sua senha e detalhes da conta.<\/p>\n","protected":false},"author":1,"featured_media":0,"parent":0,"menu_order":0,"comment_status":"closed","ping_status":"closed","template":"elementor_canvas","meta":{"_eb_attr":"","footnotes":""},"folder":[19],"class_list":["post-535","page","type-page","status-publish","hentry"],"_links":{"self":[{"href":"https:\/\/soar.art.br\/culturaaberta\/wp-json\/wp\/v2\/pages\/535","targetHints":{"allow":["GET"]}}],"collection":[{"href":"https:\/\/soar.art.br\/culturaaberta\/wp-json\/wp\/v2\/pages"}],"about":[{"href":"https:\/\/soar.art.br\/culturaaberta\/wp-json\/wp\/v2\/types\/page"}],"author":[{"embeddable":true,"href":"https:\/\/soar.art.br\/culturaaberta\/wp-json\/wp\/v2\/users\/1"}],"replies":[{"embeddable":true,"href":"https:\/\/soar.art.br\/culturaaberta\/wp-json\/wp\/v2\/comments?post=535"}],"version-history":[{"count":41,"href":"https:\/\/soar.art.br\/culturaaberta\/wp-json\/wp\/v2\/pages\/535\/revisions"}],"predecessor-version":[{"id":2763,"href":"https:\/\/soar.art.br\/culturaaberta\/wp-json\/wp\/v2\/pages\/535\/revisions\/2763"}],"wp:attachment":[{"href":"https:\/\/soar.art.br\/culturaaberta\/wp-json\/wp\/v2\/media?parent=535"}],"wp:term":[{"taxonomy":"folder","embeddable":true,"href":"https:\/\/soar.art.br\/culturaaberta\/wp-json\/wp\/v2\/folder?post=535"}],"curies":[{"name":"wp","href":"https:\/\/api.w.org\/{rel}","templated":true}]}}